{"id":5431,"date":"2025-04-30T16:05:10","date_gmt":"2025-04-30T14:05:10","guid":{"rendered":"https:\/\/blueberrybloom.com\/disclaimer\/"},"modified":"2025-07-28T16:39:52","modified_gmt":"2025-07-28T14:39:52","slug":"disclaimer","status":"publish","type":"page","link":"https:\/\/blueberrybloom.com\/de\/disclaimer\/","title":{"rendered":"Disclaimer"},"content":{"rendered":"\n<!-- Legal document generated by Complianz | GDPR\/CCPA Cookie Consent https:\/\/wordpress.org\/plugins\/complianz-gdpr -->\n<div id=\"cmplz-document\" class=\"cmplz-document disclaimer cmplz-document-all\"><p>Blueberry Bloom ist dazu verpflichtet, diese Website aktuell und akkurat zu halten. Solltest du dennoch auf irgendetwas sto\u00dfen, das veraltet oder inkorrekt ist, w\u00fcrden wir es sch\u00e4tzen, wenn du es uns wissen l\u00e4sst. Bitte weise darauf hin, wo du auf der Seite die Information gelesen hast. Wir werden uns dann so schnell wie m\u00f6glich darum k\u00fcmmern. Bitte sende deine R\u00fcckmeldung an: <span class=\"cmplz-obfuscate\">info@<span class=\"cmplz-fmail-domain\">ex.&#099;om<\/span>bl&#117;eber&#114;yb&#108;o&#111;m&#046;&#099;&#111;m<\/span>.<\/p><p>Wir \u00fcbernehmen keine Haftung f\u00fcr aus Ungenauigkeit oder Unvollst\u00e4ndigkeit resultierenden Verluste, noch f\u00fcr entstehende Verluste oder Verbreitung von Informationen durch das Internet, wie St\u00f6rungen oder Unterbrechungen. Bei der Verwendung von Internetfomularen streben wir danach die Anzahl der ben\u00f6tigten Felder zu minimieren. F\u00fcr jegliche Verluste die aus der Verwendung von Blueberry Bloom empfohlener oder stammender Daten, Hinweisen oder Ideen \u00fcbernimmt Blueberry Bloom keine Haftung.<\/p><p>Die Verwendung der Website und all ihrer Teile (einschlie\u00dflich Foren) unterliegen den <a href=\"\" target=\"_blank\">Nutzungsbedingungen<\/a>. Bereits die Verwendung der Website impliziert das Wissen und die Akzeptanz dieser Nutzungsbedingungen.<\/p><p>\u00dcber E-Mail oder mittels eines Internetfomulars versendete Antworten und Datenschutzanfragen werden in gleicher Weise wie Briefe behandelt. Dies bedeutet, dass du sp\u00e4testens innerhalb eines Monats mit einer Antwort von uns rechnen kannst. Im Falle umfangreicher Anfragen werden wir dich innerhalb eines Monats wissen lassen ob wir ein Maximum von drei Monaten ben\u00f6tigen.<\/p><p>Jegliche pers\u00f6nliche Information welche du uns innerhalb des Kontexts deiner Antwort oder deinem Antrag zur Verf\u00fcgung stellst, wird ausschlie\u00dflich gem\u00e4\u00df unserer Datenschutzerkl\u00e4rung genutzt.<\/p><p>Blueberry Bloom wird jede angemessene Ma\u00dfnahme ergreifen um sein System gegen jede Form unrechtm\u00e4\u00dfiger Nutzung zu sch\u00fctzen. Blueberry Bloom wird geeignete Technologien und organisatorische Ma\u00dfnahmen zu diesem Zweck, unter Ber\u00fccksichtigung des aktuellen Standes der Technik, einf\u00fchren. Es ist jedoch nicht verantwortlich f\u00fcr direkte und\/oder indirekte Verluste jeglicher Art, welche bei einem Benutzer der Website auftreten, die der unrechtm\u00e4\u00dfigen Nutzung des Systems von Drittanbietern entspringt.<\/p><p>Blueberry Bloom \u00fcbernimmt keine Verantwortung f\u00fcr den Inhalt von Websites, zu denen oder von denen ein Hyperlink oder eine anderer Verweis f\u00fchrt. Produkte oder Serviceleistungen, die von Drittanbieten angeboten werden, werden nach entsprechenden Bedingungen und Konditionen jener Drittanbieter behandelt werden.<\/p><p>Jegliches intellektuelle Eigentumsrecht an Inhalten auf dieser Website ist im Besitz von Blueberry Bloom.<\/p><p>Das Kopieren, Verbreiten oder jegliche andere Nutzung dieses Materials ist ohne die schriftliche Erlaubnis von Blueberry Bloom nicht gestattet, sofern in geltendem Gesetz nicht anders vereinbart oder ausgenommen (wie etwa das Recht zu zitieren), solang der spezifische Inhalt nichts anderes vorschreibt.<\/p><p>Wenn du Fragen oder Probleme mit der Verf\u00fcgbarkeit der Website hast, z\u00f6gere nicht uns zu kontaktieren.<\/p><\/div>\n","protected":false},"excerpt":{"rendered":"","protected":false},"author":1,"featured_media":0,"parent":0,"menu_order":0,"comment_status":"closed","ping_status":"closed","template":"","meta":{"_seopress_robots_primary_cat":"","_seopress_titles_title":"Disclaimer | Blueberry Bloom Schmuck","_seopress_titles_desc":"Allgemeiner Haftungsausschluss f\u00fcr Website-Inhalte, Produktabweichungen und die Nutzung von Informationen auf blueberrybloom.com.","_seopress_robots_index":"","_uag_custom_page_level_css":"","footnotes":""},"class_list":["post-5431","page","type-page","status-publish"],"uagb_featured_image_src":{"full":false,"thumbnail":false,"medium":false,"medium_large":false,"large":false,"1536x1536":false,"2048x2048":false,"woocommerce_thumbnail":false,"woocommerce_single":false,"woocommerce_gallery_thumbnail":false},"uagb_author_info":{"display_name":"Petra","author_link":"https:\/\/blueberrybloom.com\/de\/author\/blissful3286\/"},"uagb_comment_info":0,"uagb_excerpt":null,"_links":{"self":[{"href":"https:\/\/blueberrybloom.com\/de\/wp-json\/wp\/v2\/pages\/5431","targetHints":{"allow":["GET"]}}],"collection":[{"href":"https:\/\/blueberrybloom.com\/de\/wp-json\/wp\/v2\/pages"}],"about":[{"href":"https:\/\/blueberrybloom.com\/de\/wp-json\/wp\/v2\/types\/page"}],"author":[{"embeddable":true,"href":"https:\/\/blueberrybloom.com\/de\/wp-json\/wp\/v2\/users\/1"}],"replies":[{"embeddable":true,"href":"https:\/\/blueberrybloom.com\/de\/wp-json\/wp\/v2\/comments?post=5431"}],"version-history":[{"count":0,"href":"https:\/\/blueberrybloom.com\/de\/wp-json\/wp\/v2\/pages\/5431\/revisions"}],"wp:attachment":[{"href":"https:\/\/blueberrybloom.com\/de\/wp-json\/wp\/v2\/media?parent=5431"}],"curies":[{"name":"wp","href":"https:\/\/api.w.org\/{rel}","templated":true}]}}