{"id":9753,"date":"2025-12-30T17:52:16","date_gmt":"2025-12-30T15:52:16","guid":{"rendered":"https:\/\/blueberrybloom.com\/thank-you\/"},"modified":"2026-01-27T17:32:37","modified_gmt":"2026-01-27T15:32:37","slug":"danke","status":"publish","type":"page","link":"https:\/\/blueberrybloom.com\/de\/danke\/","title":{"rendered":"Danke"},"content":{"rendered":"\t\t<div data-elementor-type=\"wp-page\" data-elementor-id=\"9753\" class=\"elementor elementor-9753\" data-elementor-post-type=\"page\">\n\t\t\t\t<div class=\"elementor-element elementor-element-0803379 e-con-full e-flex e-con e-parent\" data-id=\"0803379\" data-element_type=\"container\" data-e-type=\"container\" data-settings=\"{&quot;background_background&quot;:&quot;classic&quot;}\">\n\t\t<div class=\"elementor-element elementor-element-4a4362e e-con-full e-flex e-con e-child\" data-id=\"4a4362e\" data-element_type=\"container\" data-e-type=\"container\">\n\t\t<div class=\"elementor-element elementor-element-4489820 e-con-full e-flex e-con e-child\" data-id=\"4489820\" data-element_type=\"container\" data-e-type=\"container\">\n\t\t<div class=\"elementor-element elementor-element-2c34844 e-con-full e-flex e-con e-child\" data-id=\"2c34844\" data-element_type=\"container\" data-e-type=\"container\">\n\t\t\t\t<\/div>\n\t\t<div class=\"elementor-element elementor-element-557db07 e-con-full e-flex elementor-invisible e-con e-child\" data-id=\"557db07\" data-element_type=\"container\" data-e-type=\"container\" data-settings=\"{&quot;animation&quot;:&quot;fadeInLeft&quot;}\">\n\t\t\t\t<div class=\"elementor-element elementor-element-14837cd elementor-widget__width-auto elementor-icon-list--layout-inline elementor-list-item-link-inline elementor-mobile-align-center elementor-widget elementor-widget-icon-list\" data-id=\"14837cd\" data-element_type=\"widget\" data-e-type=\"widget\" data-widget_type=\"icon-list.default\">\n\t\t\t\t\t\t\t<ul class=\"elementor-icon-list-items elementor-inline-items\">\n\t\t\t\t\t\t\t<li class=\"elementor-icon-list-item elementor-inline-item\">\n\t\t\t\t\t\t\t\t\t\t\t<a href=\"https:\/\/blueberrybloom.com\/de\/webshop\/\">\n\n\t\t\t\t\t\t\t\t\t\t\t<span class=\"elementor-icon-list-text\">Webshop<\/span>\n\t\t\t\t\t\t\t\t\t\t\t<\/a>\n\t\t\t\t\t\t\t\t\t<\/li>\n\t\t\t\t\t\t\t\t<li class=\"elementor-icon-list-item elementor-inline-item\">\n\t\t\t\t\t\t\t\t\t\t\t<a href=\"https:\/\/blueberrybloom.com\/thank-you\/\">\n\n\t\t\t\t\t\t\t\t\t\t\t\t<span class=\"elementor-icon-list-icon\">\n\t\t\t\t\t\t\t<svg aria-hidden=\"true\" class=\"e-font-icon-svg e-fas-caret-right\" viewBox=\"0 0 192 512\" xmlns=\"http:\/\/www.w3.org\/2000\/svg\"><path d=\"M0 384.662V127.338c0-17.818 21.543-26.741 34.142-14.142l128.662 128.662c7.81 7.81 7.81 20.474 0 28.284L34.142 398.804C21.543 411.404 0 402.48 0 384.662z\"><\/path><\/svg>\t\t\t\t\t\t<\/span>\n\t\t\t\t\t\t\t\t\t\t<span class=\"elementor-icon-list-text\">Danke<\/span>\n\t\t\t\t\t\t\t\t\t\t\t<\/a>\n\t\t\t\t\t\t\t\t\t<\/li>\n\t\t\t\t\t\t<\/ul>\n\t\t\t\t\t\t<\/div>\n\t\t\t\t<div class=\"elementor-element elementor-element-f021e36 elementor-widget elementor-widget-heading\" data-id=\"f021e36\" data-element_type=\"widget\" data-e-type=\"widget\" data-widget_type=\"heading.default\">\n\t\t\t\t\t<h2 class=\"elementor-heading-title elementor-size-default\">Berry dankbar<\/h2>\t\t\t\t<\/div>\n\t\t\t\t<div class=\"elementor-element elementor-element-24581f8 elementor-widget elementor-widget-text-editor\" data-id=\"24581f8\" data-element_type=\"widget\" data-e-type=\"widget\" data-widget_type=\"text-editor.default\">\n\t\t\t\t\t\t\t\t\t<p data-start=\"675\" data-end=\"728\">Deine Berry-Favoriten sind offiziell unterwegs.<\/p><p data-start=\"730\" data-end=\"786\"> <\/p>\t\t\t\t\t\t\t\t<\/div>\n\t\t\t\t<\/div>\n\t\t<div class=\"elementor-element elementor-element-03d11da e-con-full e-flex elementor-invisible e-con e-child\" data-id=\"03d11da\" data-element_type=\"container\" data-e-type=\"container\" data-settings=\"{&quot;animation&quot;:&quot;fadeInRight&quot;}\">\n\t\t\t\t<div class=\"elementor-element elementor-element-c52b31c elementor-widget elementor-widget-image\" data-id=\"c52b31c\" data-element_type=\"widget\" data-e-type=\"widget\" data-widget_type=\"image.default\">\n\t\t\t\t\t\t\t\t\t\t\t\t\t\t\t<img loading=\"lazy\" decoding=\"async\" width=\"511\" height=\"440\" src=\"https:\/\/blueberrybloom.com\/wp-content\/uploads\/2025\/12\/blueberry-bloom-thank-you-order-confirmed-.png\" class=\"attachment-full size-full wp-image-8285\" alt=\"thank you page showing order confirmation on blueberry bloom webshop\" srcset=\"https:\/\/blueberrybloom.com\/wp-content\/uploads\/2025\/12\/blueberry-bloom-thank-you-order-confirmed-.png 511w, https:\/\/blueberrybloom.com\/wp-content\/uploads\/2025\/12\/blueberry-bloom-thank-you-order-confirmed--300x258.png 300w\" sizes=\"auto, (max-width: 511px) 100vw, 511px\" \/>\t\t\t\t\t\t\t\t\t\t\t\t\t\t\t<\/div>\n\t\t\t\t<\/div>\n\t\t\t\t<\/div>\n\t\t\t\t<\/div>\n\t\t\t\t<\/div>\n\t\t<div class=\"elementor-element elementor-element-57831ce e-flex e-con-boxed e-con e-parent\" data-id=\"57831ce\" data-element_type=\"container\" data-e-type=\"container\">\n\t\t\t\t\t<div class=\"e-con-inner\">\n\t\t\t\t<div class=\"elementor-element elementor-element-18ab03a elementor-widget elementor-widget-button\" data-id=\"18ab03a\" data-element_type=\"widget\" data-e-type=\"widget\" data-widget_type=\"button.default\">\n\t\t\t\t\t\t\t\t\t\t<a class=\"elementor-button elementor-button-link elementor-size-sm elementor-animation-float\" href=\"https:\/\/blueberrybloom.com\/de\/webshop\/\">\n\t\t\t\t\t\t<span class=\"elementor-button-content-wrapper\">\n\t\t\t\t\t\t\t\t\t<span class=\"elementor-button-text\">Zur\u00fcck zum Webshop<\/span>\n\t\t\t\t\t<\/span>\n\t\t\t\t\t<\/a>\n\t\t\t\t\t\t\t\t<\/div>\n\t\t\t\t\t<\/div>\n\t\t\t\t<\/div>\n\t\t\t\t<\/div>\n\t\t","protected":false},"excerpt":{"rendered":"<p>Webshop Danke Berry dankbar Deine Berry-Favoriten sind offiziell unterwegs. Zur\u00fcck zum Webshop<\/p>\n","protected":false},"author":1,"featured_media":0,"parent":0,"menu_order":0,"comment_status":"closed","ping_status":"closed","template":"","meta":{"_seopress_robots_primary_cat":"","_seopress_titles_title":"Danke f\u00fcr deine Bestellung | Blueberry Bloom","_seopress_titles_desc":"Diese Seite best\u00e4tigt den erfolgreichen Abschluss deiner Bestellung bei Blueberry Bloom. Alle Details findest du in deiner Best\u00e4tigungs-E-Mail. ","_seopress_robots_index":"","_uag_custom_page_level_css":"","footnotes":""},"class_list":["post-9753","page","type-page","status-publish"],"uagb_featured_image_src":{"full":false,"thumbnail":false,"medium":false,"medium_large":false,"large":false,"1536x1536":false,"2048x2048":false,"woocommerce_thumbnail":false,"woocommerce_single":false,"woocommerce_gallery_thumbnail":false},"uagb_author_info":{"display_name":"Petra","author_link":"https:\/\/blueberrybloom.com\/de\/author\/blissful3286\/"},"uagb_comment_info":0,"uagb_excerpt":"Webshop Danke Berry dankbar Deine Berry-Favoriten sind offiziell unterwegs. Zur\u00fcck zum Webshop","_links":{"self":[{"href":"https:\/\/blueberrybloom.com\/de\/wp-json\/wp\/v2\/pages\/9753","targetHints":{"allow":["GET"]}}],"collection":[{"href":"https:\/\/blueberrybloom.com\/de\/wp-json\/wp\/v2\/pages"}],"about":[{"href":"https:\/\/blueberrybloom.com\/de\/wp-json\/wp\/v2\/types\/page"}],"author":[{"embeddable":true,"href":"https:\/\/blueberrybloom.com\/de\/wp-json\/wp\/v2\/users\/1"}],"replies":[{"embeddable":true,"href":"https:\/\/blueberrybloom.com\/de\/wp-json\/wp\/v2\/comments?post=9753"}],"version-history":[{"count":2,"href":"https:\/\/blueberrybloom.com\/de\/wp-json\/wp\/v2\/pages\/9753\/revisions"}],"predecessor-version":[{"id":11497,"href":"https:\/\/blueberrybloom.com\/de\/wp-json\/wp\/v2\/pages\/9753\/revisions\/11497"}],"wp:attachment":[{"href":"https:\/\/blueberrybloom.com\/de\/wp-json\/wp\/v2\/media?parent=9753"}],"curies":[{"name":"wp","href":"https:\/\/api.w.org\/{rel}","templated":true}]}}