{"id":13164,"date":"2026-02-24T18:09:08","date_gmt":"2026-02-24T16:09:08","guid":{"rendered":"https:\/\/blueberrybloom.com\/product\/apricot-lane-fimo-blumen-choker\/"},"modified":"2026-02-26T16:47:05","modified_gmt":"2026-02-26T14:47:05","slug":"apricot-lane-fimo-blumen-choker","status":"publish","type":"product","link":"https:\/\/blueberrybloom.com\/de\/produkt\/apricot-lane-fimo-blumen-choker\/","title":{"rendered":"Apricot Lane \u2013 Fimo Blumen Choker"},"content":{"rendered":"<div class=\"container\">\n<div id=\"model-response-message-contentr_eda25cf185a99276\" class=\"markdown markdown-main-panel stronger enable-updated-hr-color preserve-whitespaces-in-response\" dir=\"ltr\" aria-live=\"polite\" aria-busy=\"false\">\n<p data-path-to-node=\"4\">Lerne Apricot Lane kennen \u2013 die Wickelkette, die die W\u00e4rme eines sonnigen Nachmittags einf\u00e4ngt. Handgefertigt aus hochwertigem Polymer-Ton (Fimo), besticht dieses St\u00fcck durch eine sanfte, pfirsichfarbene Bl\u00fcte \u2013 unsere charakteristische \u201ePeachy Terracotta\u201c-Bl\u00fcte \u2013 an einer erdigen, terrakottafarbenen Kordel. Die Kombination aus warmen Sunset-T\u00f6nen und dem handwerklichen Wickeldesign macht sie zum perfekten Accessoire f\u00fcr alle, die Schmuck mit einer warmen, femininen und m\u00fchelos schicken Ausstrahlung lieben.  <\/p>\n<p data-path-to-node=\"5\">Jede Apricot Lane Bl\u00fcte wird von Hand geformt, was bedeutet, dass jedes St\u00fcck ein echtes Unikat ist. Diese Blumen-Wickelkette ist mit einer extralangen Kordel ausgestattet, die es dir erm\u00f6glicht, sie doppelt um den Hals zu legen \u2013 f\u00fcr einen organischen Lagen-Look mit handgefertigtem Charme. Trotz des doppelten Wickel-Styles ist das Material unglaublich leicht und bietet so h\u00f6chsten Tragekomfort f\u00fcr den ganzen Tag.  <\/p>\n<p data-path-to-node=\"6\">Ob zum luftigen Leinenkleid, zum kuscheligen Strickpullover in Erdt\u00f6nen oder zu deiner Lieblingsjeans \u2013 Apricot Lane ist vielseitig einsetzbar und bringt jedes Outfit zum Strahlen. Sie ist fr\u00f6hlich, stilvoll und ein garantierter Blickfang. <\/p>\n<h6 data-path-to-node=\"7\"><b data-path-to-node=\"7\" data-index-in-node=\"0\">Kurzbeschreibung<\/b><\/h6>\n<p data-path-to-node=\"8\">Handgefertigte Polymer-Ton-Blume an Kordel. Leichte Wickelkette mit Ton-Anh\u00e4nger. Wasserdicht, nickelfrei und hypoallergen. Ca. 1,5 cm Anh\u00e4ngergr\u00f6\u00dfe. Bequem f\u00fcr den ganzen Tag. <\/p>\n<h6 data-path-to-node=\"10\"><b data-path-to-node=\"10\" data-index-in-node=\"0\">Eigenschaften<\/b><\/h6>\n<ul data-path-to-node=\"11\">\n<li>\n<p data-path-to-node=\"11,0,0\"><b data-path-to-node=\"11,0,0\" data-index-in-node=\"0\">Handgefertigte Fimo-Bl\u00fcte<\/b>: Jede Bl\u00fcte wird von Hand mit einem seidenmatten Finish geformt.<\/p>\n<\/li>\n<li>\n<p data-path-to-node=\"11,1,0\"><b data-path-to-node=\"11,1,0\" data-index-in-node=\"0\">Double-Wrap Design<\/b>: Extralange Terracotta-Kordel f\u00fcr einen strukturierten Lagen-Look.<\/p>\n<\/li>\n<li>\n<p data-path-to-node=\"11,2,0\"><b data-path-to-node=\"11,2,0\" data-index-in-node=\"0\">Erdige Farbpalette:<\/b> Warme Aprikosen- und Terracotta-T\u00f6ne f\u00fcr einen sonnengek\u00fcssten Vibe.<\/p>\n<\/li>\n<li>\n<p data-path-to-node=\"11,3,0\"><b data-path-to-node=\"11,3,0\" data-index-in-node=\"0\">Hypoallergen &amp; Nickelfrei:<\/b> Sicher f\u00fcr empfindliche Haut und angenehm zu tragen.<\/p>\n<\/li>\n<li>\n<p data-path-to-node=\"11,4,0\"><b data-path-to-node=\"11,4,0\" data-index-in-node=\"0\">Artisanal Finish<\/b>: Handgebundenes Styling, das sich pers\u00f6nlich und einzigartig anf\u00fchlt.<\/p>\n<\/li>\n<li>\n<p data-path-to-node=\"11,5,0\"><b data-path-to-node=\"11,5,0\" data-index-in-node=\"0\">Geschenkfertige Verpackung<\/b> \u2013 Perfekt f\u00fcr Geburtstage, Feiertage oder einfach so.<\/p>\n<\/li>\n<\/ul>\n<h6 data-path-to-node=\"12\"><b data-path-to-node=\"12\" data-index-in-node=\"0\">Warum du sie lieben wirst<\/b><\/h6>\n<p data-path-to-node=\"13\">Apricot Lane wurde f\u00fcr Tr\u00e4umer, Sonnenanbeter und Detailverliebte entworfen. Diese Wickelkette verbindet einen entspannten Boho-Stil mit feiner Ton-Kunst zu einem Look, der l\u00e4ssig und zugleich gewollt wirkt. Die sanfte Farbpalette schmeichelt jedem Teint, w\u00e4hrend die vielseitige Kordel es dir erlaubt, sie mit einem einfachen Knoten oder einer zierlichen Seitenschleife zu binden.  <\/p>\n<h6 data-path-to-node=\"14\"><b data-path-to-node=\"14\" data-index-in-node=\"0\">Lifestyle &amp; Inspiration<\/b><\/h6>\n<p data-path-to-node=\"15\">Apricot Lane ist von Spazierg\u00e4ngen zur Golden Hour und bl\u00fchenden Sommerg\u00e4rten inspiriert. Sie ist das perfekte Accessoire f\u00fcr den Brunch, den Urlaub oder um deinem Arbeitsalltag einen Hauch von W\u00e4rme zu verleihen. Diese pfirsichfarbene Blumenkette setzt einen sanften, kreativen Akzent, der dein Outfit perfekt abrundet, ohne \u00fcberladen zu wirken.  <\/p>\n<h6 data-path-to-node=\"16\"><b data-path-to-node=\"16\" data-index-in-node=\"0\">Pflege &amp; Materialien<\/b><\/h6>\n<p data-path-to-node=\"17\">Gefertigt aus Polymer-Ton (Fimo) an einer weichen, gewachsten Kordel. Wische die Blume vorsichtig mit einem weichen, trockenen Tuch ab und halte sie fern von \u00d6len und Parf\u00fcms.   <\/p>\n<h6 data-path-to-node=\"18\"><b data-path-to-node=\"18\" data-index-in-node=\"0\">Gr\u00f6\u00dfe &amp; Passform<\/b><\/h6>\n<ul data-path-to-node=\"19\">\n<li>\n<p data-path-to-node=\"19,0,0\"><b data-path-to-node=\"19,0,0\" data-index-in-node=\"0\">Anh\u00e4ngergr\u00f6\u00dfe<\/b>: 1,5 cm <\/p>\n<\/li>\n<li>\n<p data-path-to-node=\"19,1,0\"><b data-path-to-node=\"19,1,0\" data-index-in-node=\"0\">Passform<\/b>: Extralanger Wickel-Style, der doppelt um den Hals gelegt wird. Einheitsgr\u00f6\u00dfe f\u00fcr alle.  <\/p>\n<\/li>\n<\/ul>\n<h6 data-path-to-node=\"20\"><b data-path-to-node=\"20\" data-index-in-node=\"0\">FAQs<\/b><\/h6>\n<ul data-path-to-node=\"21\">\n<li>\n<p data-path-to-node=\"21,0,0\"><b data-path-to-node=\"21,0,0\" data-index-in-node=\"0\">F: Wie binde ich die Kette?<\/b> A: Die meisten tragen sie doppelt gewickelt mit einer kleinen Schleife an der Seite oder einem Knoten im Nacken.<\/p>\n<\/li>\n<li>\n<p data-path-to-node=\"21,1,0\"><b data-path-to-node=\"21,1,0\" data-index-in-node=\"0\">F: Ist die Blume langlebig?<\/b> A: Ja, Polymer-Ton ist robust und leicht flexibel. Wir empfehlen dennoch eine separate Lagerung.<\/p>\n<\/li>\n<li>\n<p data-path-to-node=\"21,2,0\"><b data-path-to-node=\"21,2,0\" data-index-in-node=\"0\">F: F\u00e4rbt die Kordel ab?<\/b> A: Unsere Kordeln sind farbecht. Wir empfehlen jedoch, sie vor starker Feuchtigkeit zu sch\u00fctzen.<\/p>\n<\/li>\n<\/ul>\n<\/div>\n<\/div>\n","protected":false},"excerpt":{"rendered":"<ul>\n<li data-start=\"82\" data-end=\"115\">\n<p data-start=\"84\" data-end=\"115\">Handgefertigte Polymer-Ton-Blume an Kordel<\/p>\n<\/li>\n<li data-start=\"116\" data-end=\"151\">\n<p data-start=\"118\" data-end=\"151\">Leichte Wickelkette mit Ton-Anh\u00e4nger<\/p>\n<\/li>\n<li data-start=\"190\" data-end=\"237\">\n<p data-start=\"192\" data-end=\"237\">Wasserdicht, nickelfrei und hypoallergen<\/p>\n<\/li>\n<li data-start=\"238\" data-end=\"261\">\n<p data-start=\"240\" data-end=\"261\">Ca. 1,5 cm Anh\u00e4ngergr\u00f6\u00dfe <\/p>\n<\/li>\n<li data-start=\"262\" data-end=\"294\">\n<p data-start=\"264\" data-end=\"294\">Bequem f\u00fcr den ganzen Tag<\/p>\n<\/li>\n<\/ul>\n","protected":false},"featured_media":13159,"comment_status":"closed","ping_status":"closed","template":"","meta":{"_seopress_robots_primary_cat":"","_seopress_titles_title":"Terracotta-Wickelkette | Handgefertigte pfirsichfarbene Blumenkette","_seopress_titles_desc":"Shoppe die Apricot Lane Wickelkette. Eine handgefertigte 1,5 cm Blume aus Polymer-Ton an einer langen Terracotta-Kordel. Leicht und nickelfrei.  ","_seopress_robots_index":"","_uag_custom_page_level_css":""},"product_brand":[],"product_cat":[37],"product_tag":[],"class_list":{"0":"post-13164","1":"product","2":"type-product","3":"status-publish","4":"has-post-thumbnail","6":"product_cat-nicht-kategorisiert","8":"first","9":"instock","10":"shipping-taxable","11":"purchasable","12":"product-type-simple"},"uagb_featured_image_src":{"full":["https:\/\/blueberrybloom.com\/wp-content\/uploads\/2026\/02\/peachy-terracotta-wrap-cord-necklace-flower.avif",561,561,false],"thumbnail":["https:\/\/blueberrybloom.com\/wp-content\/uploads\/2026\/02\/peachy-terracotta-wrap-cord-necklace-flower-150x150.avif",150,150,true],"medium":["https:\/\/blueberrybloom.com\/wp-content\/uploads\/2026\/02\/peachy-terracotta-wrap-cord-necklace-flower-300x300.avif",300,300,true],"medium_large":["https:\/\/blueberrybloom.com\/wp-content\/uploads\/2026\/02\/peachy-terracotta-wrap-cord-necklace-flower.avif",561,561,false],"large":["https:\/\/blueberrybloom.com\/wp-content\/uploads\/2026\/02\/peachy-terracotta-wrap-cord-necklace-flower.avif",561,561,false],"1536x1536":["https:\/\/blueberrybloom.com\/wp-content\/uploads\/2026\/02\/peachy-terracotta-wrap-cord-necklace-flower.avif",561,561,false],"2048x2048":["https:\/\/blueberrybloom.com\/wp-content\/uploads\/2026\/02\/peachy-terracotta-wrap-cord-necklace-flower.avif",561,561,false],"woocommerce_thumbnail":["https:\/\/blueberrybloom.com\/wp-content\/uploads\/2026\/02\/peachy-terracotta-wrap-cord-necklace-flower-300x300.avif",300,300,true],"woocommerce_single":["https:\/\/blueberrybloom.com\/wp-content\/uploads\/2026\/02\/peachy-terracotta-wrap-cord-necklace-flower.avif",561,561,false],"woocommerce_gallery_thumbnail":["https:\/\/blueberrybloom.com\/wp-content\/uploads\/2026\/02\/peachy-terracotta-wrap-cord-necklace-flower-100x100.avif",100,100,true]},"uagb_author_info":{"display_name":"Petra","author_link":"https:\/\/blueberrybloom.com\/de\/author\/"},"uagb_comment_info":0,"uagb_excerpt":"Handgefertigte Polymer-Ton-Blume an Kordel Leichte Wickelkette mit Ton-Anh\u00e4nger Wasserdicht, nickelfrei und hypoallergen Ca. 1,5 cm Anh\u00e4ngergr\u00f6\u00dfe Bequem f\u00fcr den ganzen Tag","_links":{"self":[{"href":"https:\/\/blueberrybloom.com\/de\/wp-json\/wp\/v2\/product\/13164","targetHints":{"allow":["GET"]}}],"collection":[{"href":"https:\/\/blueberrybloom.com\/de\/wp-json\/wp\/v2\/product"}],"about":[{"href":"https:\/\/blueberrybloom.com\/de\/wp-json\/wp\/v2\/types\/product"}],"replies":[{"embeddable":true,"href":"https:\/\/blueberrybloom.com\/de\/wp-json\/wp\/v2\/comments?post=13164"}],"version-history":[{"count":1,"href":"https:\/\/blueberrybloom.com\/de\/wp-json\/wp\/v2\/product\/13164\/revisions"}],"predecessor-version":[{"id":13258,"href":"https:\/\/blueberrybloom.com\/de\/wp-json\/wp\/v2\/product\/13164\/revisions\/13258"}],"wp:featuredmedia":[{"embeddable":true,"href":"https:\/\/blueberrybloom.com\/de\/wp-json\/wp\/v2\/media\/13159"}],"wp:attachment":[{"href":"https:\/\/blueberrybloom.com\/de\/wp-json\/wp\/v2\/media?parent=13164"}],"wp:term":[{"taxonomy":"product_brand","embeddable":true,"href":"https:\/\/blueberrybloom.com\/de\/wp-json\/wp\/v2\/product_brand?post=13164"},{"taxonomy":"product_cat","embeddable":true,"href":"https:\/\/blueberrybloom.com\/de\/wp-json\/wp\/v2\/product_cat?post=13164"},{"taxonomy":"product_tag","embeddable":true,"href":"https:\/\/blueberrybloom.com\/de\/wp-json\/wp\/v2\/product_tag?post=13164"}],"curies":[{"name":"wp","href":"https:\/\/api.w.org\/{rel}","templated":true}]}}