{"id":5458,"date":"2025-05-06T07:58:25","date_gmt":"2025-05-06T07:58:25","guid":{"rendered":"https:\/\/blueberrybloom.com\/product\/zitronenrolle\/"},"modified":"2026-01-16T18:34:17","modified_gmt":"2026-01-16T16:34:17","slug":"lemon-roll","status":"publish","type":"product","link":"https:\/\/blueberrybloom.com\/de\/produkt\/lemon-roll\/","title":{"rendered":"Lemon Roll \u2013 Polka-Dot-Ohrringe"},"content":{"rendered":"<h3 data-start=\"366\" data-end=\"395\"><span style=\"font-family: -apple-system, BlinkMacSystemFont, 'Segoe UI', Roboto, 'Helvetica Neue', Arial, 'Noto Sans', sans-serif, 'Apple Color Emoji', 'Segoe UI Emoji', 'Segoe UI Symbol', 'Noto Color Emoji'; font-size: 16px;\">Die<\/span> <strong style=\"font-family: -apple-system, BlinkMacSystemFont, 'Segoe UI', Roboto, 'Helvetica Neue', Arial, 'Noto Sans', sans-serif, 'Apple Color Emoji', 'Segoe UI Emoji', 'Segoe UI Symbol', 'Noto Color Emoji'; font-size: 16px;\" data-start=\"4\" data-end=\"26\">Polka-Dot-Ohrringe<\/strong><span style=\"font-family: -apple-system, BlinkMacSystemFont, 'Segoe UI', Roboto, 'Helvetica Neue', Arial, 'Noto Sans', sans-serif, 'Apple Color Emoji', 'Segoe UI Emoji', 'Segoe UI Symbol', 'Noto Color Emoji'; font-size: 16px;\"> sind eine verspielte Interpretation von boldem, tragbarem Design \u2013 oben grafisch, unten artsy. Mit einer klaren wei\u00dfen Basis und schwarzen Punkten bringen sie diesen cleanen, modernen \u201eHigh-Contrast\u201c-Look, w\u00e4hrend der marmorierte Bogen-Drop einen weichen, skulpturalen Twist erg\u00e4nzt. Das Ergebnis: Ohrringe, die Spa\u00df machen, aber trotzdem polished genug f\u00fcr Alltags-Outfits sind.  <\/span><\/h3>\n<div class=\"flex flex-col text-sm pb-25\">\n<article class=\"text-token-text-primary w-full focus:outline-none [--shadow-height:45px] has-data-writing-block:pointer-events-none has-data-writing-block:-mt-(--shadow-height) has-data-writing-block:pt-(--shadow-height) [&amp;:has([data-writing-block])&gt;*]:pointer-events-auto scroll-mt-[calc(var(--header-height)+min(200px,max(70px,20svh)))]\" dir=\"auto\" tabindex=\"-1\" data-turn-id=\"request-695e6f88-7c60-8331-af28-47a0947ecce2-13\" data-testid=\"conversation-turn-36\" data-scroll-anchor=\"true\" data-turn=\"assistant\">\n<div class=\"text-base my-auto mx-auto pb-10 [--thread-content-margin:--spacing(4)] @w-sm\/main:[--thread-content-margin:--spacing(6)] @w-lg\/main:[--thread-content-margin:--spacing(16)] px-(--thread-content-margin)\">\n<div class=\"[--thread-content-max-width:40rem] @w-lg\/main:[--thread-content-max-width:48rem] mx-auto max-w-(--thread-content-max-width) flex-1 group\/turn-messages focus-visible:outline-hidden relative flex w-full min-w-0 flex-col agent-turn\" tabindex=\"-1\">\n<div class=\"flex max-w-full flex-col grow\">\n<div class=\"min-h-8 text-message relative flex w-full flex-col items-end gap-2 text-start break-words whitespace-normal [.text-message+&amp;]:mt-1\" dir=\"auto\" data-message-author-role=\"assistant\" data-message-id=\"b2efe36d-9d97-4496-a3ba-828ead07fc46\" data-message-model-slug=\"gpt-5-2-thinking\">\n<div class=\"flex w-full flex-col gap-1 empty:hidden first:pt-[1px]\">\n<div class=\"markdown prose dark:prose-invert w-full break-words dark markdown-new-styling\">\n<p data-start=\"336\" data-end=\"741\">Handgefertigt aus hochwertigem Polymer-Ton (Fimo) hat jedes Paar seinen eigenen Marmorierungsverlauf \u2013 du bekommst also immer dasselbe Design, aber nie exakt denselben Wirbel. Oben sitzt ein runder Polka-Dot-Stecker, danach ein passender, gepunkteter Steg-Connector, abgeschlossen mit einem gewellten Bogen-Drop in Violett, Gr\u00fcn und rauchigen T\u00f6nen. Sie sind leicht, bequem und so gemacht, dass sie sich mit dir bewegen, ohne schwer oder klobig zu wirken.  <\/p>\n<p data-start=\"743\" data-end=\"1024\">Abgerundet mit Edelstahlsteckern, die <strong data-start=\"788\" data-end=\"803\">nickelfrei<\/strong> und <strong data-start=\"808\" data-end=\"826\">hypoallergen<\/strong> sind, sind diese <strong data-start=\"834\" data-end=\"856\">Polka-Dot-Ohrringe<\/strong> auch f\u00fcr empfindliche Ohren eine richtig gute Option. Sie sind auff\u00e4llig genug, um herauszustechen, aber trotzdem easy zu stylen \u2013 perfekt f\u00fcr alle, die ihre Accessoires gern ein bisschen anders m\u00f6gen. <\/p>\n<hr data-start=\"1026\" data-end=\"1029\">\n<h6 data-start=\"1031\" data-end=\"1042\">Eigenschaften<\/h6>\n<ul data-start=\"1043\" data-end=\"1496\">\n<li data-start=\"1043\" data-end=\"1124\">\n<p data-start=\"1045\" data-end=\"1124\"><strong data-start=\"1045\" data-end=\"1077\">Handgemachter Polymer-Ton (Fimo)<\/strong> \u2013 jedes Paar wird von Hand gefertigt und zusammengesetzt<\/p>\n<\/li>\n<li data-start=\"1125\" data-end=\"1202\">\n<p data-start=\"1127\" data-end=\"1202\"><strong data-start=\"1127\" data-end=\"1155\">Grafisches Polka-Dot-Design<\/strong> \u2013 runder Stecker + passender gepunkteter Steg-Connector<\/p>\n<\/li>\n<li data-start=\"1203\" data-end=\"1278\">\n<p data-start=\"1205\" data-end=\"1278\"><strong data-start=\"1205\" data-end=\"1236\">Marmorierter, gewellter Bogen-Drop <\/strong>\u2013 gl\u00e4nzend, skulptural und ein Unikat<\/p>\n<\/li>\n<li data-start=\"1279\" data-end=\"1362\">\n<p data-start=\"1281\" data-end=\"1362\"><strong data-start=\"1281\" data-end=\"1306\">Edelstahlstecker<\/strong> \u2013 hypoallergen, nickelfrei, geeignet f\u00fcr empfindliche Ohren<\/p>\n<\/li>\n<li data-start=\"1363\" data-end=\"1423\">\n<p data-start=\"1365\" data-end=\"1423\"><strong data-start=\"1365\" data-end=\"1385\">Leicht zu tragen <\/strong>\u2013 Statement-Look ohne Gewicht<\/p>\n<\/li>\n<li data-start=\"1424\" data-end=\"1496\">\n<p data-start=\"1426\" data-end=\"1496\"><strong data-start=\"1426\" data-end=\"1450\">Geschenkfertige Verpackung <\/strong>\u2013 kommt sch\u00f6n verpackt und bereit zum Verschenken<\/p>\n<\/li>\n<\/ul>\n<hr data-start=\"1498\" data-end=\"1501\">\n<h6 data-start=\"1503\" data-end=\"1524\">Warum du sie lieben wirst<\/h6>\n<p data-start=\"1525\" data-end=\"1802\">Diese <strong data-start=\"1531\" data-end=\"1553\">Polka-Dot-Ohrringe<\/strong> sind genau die Art, die du zu einem schlichten Top einfach anziehen kannst und sofort \u201egestylt\u201c aussiehst. Die Punkte halten den Look clean und modern, w\u00e4hrend der marmorierte Bogen dieses handgemachte, wearable-art Gef\u00fchl gibt. Und weil sie handgemacht sind, ist dein Paar immer ein kleines bisschen einzigartig.  <\/p>\n<hr data-start=\"1804\" data-end=\"1807\">\n<h6 data-start=\"1809\" data-end=\"1828\">Lifestyle &amp; Inspiration<\/h6>\n<p data-start=\"1829\" data-end=\"2084\">Denk an: schwarzer Rollkragen, Blazer, Strick, Denim oder ein schlichtes Kleid. Diese Ohrringe wirken am besten zu Neutrals und einfarbigen Looks \u2013 und die Marmorierung sieht besonders gut neben Pflaume-, Navy-, Grau- und Gr\u00fcnt\u00f6nen aus. Ein perfektes \u201eein Accessoire reicht\u201c-Piece.  <\/p>\n<hr data-start=\"2086\" data-end=\"2089\">\n<h6 data-start=\"2091\" data-end=\"2110\">Pflege &amp; Materialien<\/h6>\n<ul data-start=\"2111\" data-end=\"2333\">\n<li data-start=\"2111\" data-end=\"2190\">\n<p data-start=\"2113\" data-end=\"2190\"><strong data-start=\"2113\" data-end=\"2127\">Materialien<\/strong>: Polymer-Ton (Fimo), Edelstahlstecker, Metall-Verbinder (Jump Rings)<\/p>\n<\/li>\n<li data-start=\"2191\" data-end=\"2239\">\n<p data-start=\"2193\" data-end=\"2239\"><strong data-start=\"2193\" data-end=\"2202\">Pflege<\/strong>: Sanft mit einem weichen, trockenen Tuch abwischen.<\/p>\n<\/li>\n<li data-start=\"2240\" data-end=\"2333\">\n<p data-start=\"2242\" data-end=\"2333\">Wasser, Parfum, Haarspray und aggressive Reiniger vermeiden. Separat aufbewahren, um Kratzer zu verhindern. <\/p>\n<\/li>\n<\/ul>\n<hr data-start=\"2335\" data-end=\"2338\">\n<h6 data-start=\"2340\" data-end=\"2355\">Gr\u00f6\u00dfe &amp; Passform<\/h6>\n<p data-start=\"2356\" data-end=\"2497\">Eine markante Drop-Silhouette mit luftigem Bogen-Ausschnitt \u2013 wirkt sch\u00f6n statement, bleibt dabei leicht und angenehm zu tragen (auch den ganzen Tag).<\/p>\n<hr data-start=\"2499\" data-end=\"2502\">\n<h6 data-start=\"2504\" data-end=\"2511\">FAQs<\/h6>\n<p data-start=\"2512\" data-end=\"2623\"><strong data-start=\"2512\" data-end=\"2543\">Q: Sind die Ohrringe hypoallergen?<\/strong><br data-start=\"2543\" data-end=\"2546\">A: Ja \u2013 die Edelstahlstecker sind nickelfrei und auch f\u00fcr empfindliche Ohren geeignet.<\/p>\n<p data-start=\"2625\" data-end=\"2707\"><strong data-start=\"2625\" data-end=\"2647\">Q: Sind sie schwer?<\/strong><br data-start=\"2647\" data-end=\"2650\">A: Nein \u2013 sie sind leicht und auch bei langem Tragen angenehm.<\/p>\n<p data-start=\"2709\" data-end=\"2855\" data-is-last-node=\"\" data-is-only-node=\"\"><strong data-start=\"2709\" data-end=\"2758\">Q: Sehen alle Paare gleich aus?<\/strong><br data-start=\"2758\" data-end=\"2761\">A: Das Design bleibt gleich, aber die Marmorierung variiert leicht, weil jedes Paar handgemacht ist.<\/p>\n<\/div>\n<\/div>\n<\/div>\n<\/div>\n<div class=\"z-0 flex min-h-[46px] justify-start\"><\/div>\n<div class=\"mt-3 w-full empty:hidden\">\n<div class=\"text-center\"><\/div>\n<\/div>\n<\/div>\n<\/div>\n<\/article>\n<\/div>\n<div class=\"pointer-events-none h-px w-px absolute bottom-0\" aria-hidden=\"true\" data-edge=\"true\"><\/div>\n","protected":false},"excerpt":{"rendered":"<ul>\n<li>Handgefertigt aus leichtem <strong>Polymer-Ton<\/strong><\/li>\n<li>Leicht den ganzen Tag zu tragen<\/li>\n<li>Ohrstecker <strong>aus rostfreiem Stahl<\/strong> &#8211; wasserdicht, nickelfrei<\/li>\n<li>L\u00e4nge: ca. 6,5 cm<\/li>\n<li>Leichte Abweichungen in Farbe oder Muster &#8211; so funktioniert Handarbeit eben<\/li>\n<li><em>K\u00f6nnte Ihre Beere sein, wenn sie sich richtig anf\u00fchlt<\/em><\/li>\n<\/ul>\n","protected":false},"featured_media":9683,"comment_status":"closed","ping_status":"closed","template":"","meta":{"_seopress_robots_primary_cat":"none","_seopress_titles_title":"Lemon Roll \u2013 Handgemachte Polka-Dot-Ohrringe aus Fimo","_seopress_titles_desc":"Handgemachte Polka-Dot-Ohrringe aus Fimo-Polymer-Ton mit gepunktetem Stecker, Stab-Verbinder und marmoriertem, gewellten Bogen-Anh\u00e4nger.","_seopress_robots_index":"","_uag_custom_page_level_css":""},"product_brand":[],"product_cat":[37],"product_tag":[],"class_list":{"0":"post-5458","1":"product","2":"type-product","3":"status-publish","4":"has-post-thumbnail","6":"product_cat-nicht-kategorisiert","8":"first","9":"instock","10":"shipping-taxable","11":"purchasable","12":"product-type-simple"},"uagb_featured_image_src":{"full":["https:\/\/blueberrybloom.com\/wp-content\/uploads\/2025\/05\/polka-arch-polka-dot-earrings-closeup.png",561,561,false],"thumbnail":["https:\/\/blueberrybloom.com\/wp-content\/uploads\/2025\/05\/polka-arch-polka-dot-earrings-closeup-150x150.png",150,150,true],"medium":["https:\/\/blueberrybloom.com\/wp-content\/uploads\/2025\/05\/polka-arch-polka-dot-earrings-closeup-300x300.png",300,300,true],"medium_large":["https:\/\/blueberrybloom.com\/wp-content\/uploads\/2025\/05\/polka-arch-polka-dot-earrings-closeup.png",561,561,false],"large":["https:\/\/blueberrybloom.com\/wp-content\/uploads\/2025\/05\/polka-arch-polka-dot-earrings-closeup.png",561,561,false],"1536x1536":["https:\/\/blueberrybloom.com\/wp-content\/uploads\/2025\/05\/polka-arch-polka-dot-earrings-closeup.png",561,561,false],"2048x2048":["https:\/\/blueberrybloom.com\/wp-content\/uploads\/2025\/05\/polka-arch-polka-dot-earrings-closeup.png",561,561,false],"woocommerce_thumbnail":["https:\/\/blueberrybloom.com\/wp-content\/uploads\/2025\/05\/polka-arch-polka-dot-earrings-closeup-300x300.png",300,300,true],"woocommerce_single":["https:\/\/blueberrybloom.com\/wp-content\/uploads\/2025\/05\/polka-arch-polka-dot-earrings-closeup.png",561,561,false],"woocommerce_gallery_thumbnail":["https:\/\/blueberrybloom.com\/wp-content\/uploads\/2025\/05\/polka-arch-polka-dot-earrings-closeup-100x100.png",100,100,true]},"uagb_author_info":{"display_name":"Petra","author_link":"https:\/\/blueberrybloom.com\/de\/author\/"},"uagb_comment_info":0,"uagb_excerpt":"Handgefertigt aus leichtem Polymer-Ton Leicht den ganzen Tag zu tragen Ohrstecker aus rostfreiem Stahl - wasserdicht, nickelfrei L\u00e4nge: ca. 6,5 cm Leichte Abweichungen in Farbe oder Muster - so funktioniert Handarbeit eben K\u00f6nnte Ihre Beere sein, wenn sie sich richtig anf\u00fchlt","_links":{"self":[{"href":"https:\/\/blueberrybloom.com\/de\/wp-json\/wp\/v2\/product\/5458","targetHints":{"allow":["GET"]}}],"collection":[{"href":"https:\/\/blueberrybloom.com\/de\/wp-json\/wp\/v2\/product"}],"about":[{"href":"https:\/\/blueberrybloom.com\/de\/wp-json\/wp\/v2\/types\/product"}],"replies":[{"embeddable":true,"href":"https:\/\/blueberrybloom.com\/de\/wp-json\/wp\/v2\/comments?post=5458"}],"version-history":[{"count":1,"href":"https:\/\/blueberrybloom.com\/de\/wp-json\/wp\/v2\/product\/5458\/revisions"}],"predecessor-version":[{"id":10998,"href":"https:\/\/blueberrybloom.com\/de\/wp-json\/wp\/v2\/product\/5458\/revisions\/10998"}],"wp:featuredmedia":[{"embeddable":true,"href":"https:\/\/blueberrybloom.com\/de\/wp-json\/wp\/v2\/media\/9683"}],"wp:attachment":[{"href":"https:\/\/blueberrybloom.com\/de\/wp-json\/wp\/v2\/media?parent=5458"}],"wp:term":[{"taxonomy":"product_brand","embeddable":true,"href":"https:\/\/blueberrybloom.com\/de\/wp-json\/wp\/v2\/product_brand?post=5458"},{"taxonomy":"product_cat","embeddable":true,"href":"https:\/\/blueberrybloom.com\/de\/wp-json\/wp\/v2\/product_cat?post=5458"},{"taxonomy":"product_tag","embeddable":true,"href":"https:\/\/blueberrybloom.com\/de\/wp-json\/wp\/v2\/product_tag?post=5458"}],"curies":[{"name":"wp","href":"https:\/\/api.w.org\/{rel}","templated":true}]}}