{"id":5460,"date":"2025-05-06T08:15:44","date_gmt":"2025-05-06T08:15:44","guid":{"rendered":"https:\/\/blueberrybloom.com\/product\/kiwi-twist\/"},"modified":"2026-01-16T19:13:19","modified_gmt":"2026-01-16T17:13:19","slug":"kiwi-twist","status":"publish","type":"product","link":"https:\/\/blueberrybloom.com\/de\/produkt\/kiwi-twist\/","title":{"rendered":"Kiwi Twist &#8211; Ausdrucksstarke Statement Ohrringe"},"content":{"rendered":"<div class=\"flex flex-col text-sm pb-25\">\n<article class=\"text-token-text-primary w-full focus:outline-none [--shadow-height:45px] has-data-writing-block:pointer-events-none has-data-writing-block:-mt-(--shadow-height) has-data-writing-block:pt-(--shadow-height) [&amp;:has([data-writing-block])&gt;*]:pointer-events-auto scroll-mt-[calc(var(--header-height)+min(200px,max(70px,20svh)))]\" dir=\"auto\" tabindex=\"-1\" data-turn-id=\"request-WEB:799b06e2-ef52-4a7c-8b41-4e9ef152fdcb-1\" data-testid=\"conversation-turn-4\" data-scroll-anchor=\"true\" data-turn=\"assistant\">\n<div class=\"text-base my-auto mx-auto pb-10 [--thread-content-margin:--spacing(4)] @w-sm\/main:[--thread-content-margin:--spacing(6)] @w-lg\/main:[--thread-content-margin:--spacing(16)] px-(--thread-content-margin)\">\n<div class=\"[--thread-content-max-width:40rem] @w-lg\/main:[--thread-content-max-width:48rem] mx-auto max-w-(--thread-content-max-width) flex-1 group\/turn-messages focus-visible:outline-hidden relative flex w-full min-w-0 flex-col agent-turn\" tabindex=\"-1\">\n<div class=\"flex max-w-full flex-col grow\">\n<div class=\"min-h-8 text-message relative flex w-full flex-col items-end gap-2 text-start break-words whitespace-normal [.text-message+&amp;]:mt-1\" dir=\"auto\" data-message-author-role=\"assistant\" data-message-id=\"c5b231a6-ee8c-403d-a265-2bdb75278372\" data-message-model-slug=\"gpt-5-2-thinking\">\n<div class=\"flex w-full flex-col gap-1 empty:hidden first:pt-[1px]\">\n<div class=\"markdown prose dark:prose-invert w-full break-words dark markdown-new-styling\">\n<p data-start=\"17\" data-end=\"373\">Diese <strong data-start=\"23\" data-end=\"58\">Polka-Marble Statement-Ohrringe<\/strong> sind daf\u00fcr gemacht, aufzufallen \u2013 ohne schwer zu wirken oder \u201ezu viel\u201c zu sein. Handgefertigt aus hochwertigem Polymer-Ton (Fimo) kombinieren sie ein verspieltes schwarz-wei\u00dfes Polka-Dot-Element mit gl\u00e4nzenden, marmorierten Scheiben in tiefen Violett-Blau-T\u00f6nen und warmen roten Akzenten. Das Ergebnis: bold, grafisch und ein bisschen arty \u2013 wie tragbare Mini-Collagen.  <\/p>\n<p data-start=\"375\" data-end=\"583\">Jedes Paar hat seine eigene Marmorierung und Punktplatzierung \u2013 du bekommst also nie zwei komplett identische Zwillinge. Das sind die <strong data-start=\"493\" data-end=\"515\">Statement-Ohrringe<\/strong>, die du zu einem schlichten schwarzen Top anziehst und sofort <em data-start=\"574\" data-end=\"582\">\u201eangezogen\u201c<\/em> aussiehst. <\/p>\n<p data-start=\"585\" data-end=\"674\">Abgerundet mit nickelfreien Edelstahl-Steckern, angenehm zu tragen \u2013 auch bei empfindlichen Ohren.<\/p>\n<hr data-start=\"676\" data-end=\"679\">\n<h6 data-start=\"681\" data-end=\"694\">Eigenschaften<\/h6>\n<ul data-start=\"695\" data-end=\"1112\">\n<li data-start=\"695\" data-end=\"763\">\n<p data-start=\"697\" data-end=\"763\"><strong data-start=\"697\" data-end=\"729\">Handgefertigt aus Polymer-Ton (Fimo)<\/strong> \u2013 von Hand gefertigt und zusammengesetzt<\/p>\n<\/li>\n<li data-start=\"764\" data-end=\"842\">\n<p data-start=\"766\" data-end=\"842\"><strong data-start=\"766\" data-end=\"790\">Boldes, grafisches Design<\/strong> \u2013 Marmorierung + Polka Dots f\u00fcr starken Kontrast<\/p>\n<\/li>\n<li data-start=\"843\" data-end=\"926\">\n<p data-start=\"845\" data-end=\"926\"><strong data-start=\"845\" data-end=\"870\">Edelstahl-Stecker<\/strong> \u2013 nickelfrei, hypoallergen, f\u00fcr empfindliche Ohren geeignet<\/p>\n<\/li>\n<li data-start=\"927\" data-end=\"973\">\n<p data-start=\"929\" data-end=\"973\"><strong data-start=\"929\" data-end=\"949\">Federleicht<\/strong> \u2013 gro\u00dfer Look, easy zu tragen<\/p>\n<\/li>\n<li data-start=\"974\" data-end=\"1041\">\n<p data-start=\"976\" data-end=\"1041\"><strong data-start=\"976\" data-end=\"993\">Einzigartiges Finish<\/strong> \u2013 jede Marmorierung ist leicht anders<\/p>\n<\/li>\n<li data-start=\"1042\" data-end=\"1112\">\n<p data-start=\"1044\" data-end=\"1112\"><strong data-start=\"1044\" data-end=\"1068\">Geschenkfertige Verpackung<\/strong> \u2013 sch\u00f6n verpackt und bereit zum Verschenken<\/p>\n<\/li>\n<\/ul>\n<hr data-start=\"1114\" data-end=\"1117\">\n<h6 data-start=\"1119\" data-end=\"1142\">Warum du sie lieben wirst<\/h6>\n<p data-start=\"1143\" data-end=\"1381\">Weil das echte <strong data-start=\"1166\" data-end=\"1188\">Statement-Ohrringe<\/strong> sind \u2013 aber trotzdem super tragbar. Die Polka-Dot-Scheibe bringt einen cleanen, modernen Punch, und das Marble-Finish h\u00e4lt\u2019s artsy und einzigartig. Perfekt, wenn du dieses kleine \u201eIch hab mir M\u00fche gegeben\u201c-Feeling willst \u2013 auch wenn du\u2019s nicht hast.  <\/p>\n<hr data-start=\"1383\" data-end=\"1386\">\n<h6 data-start=\"1388\" data-end=\"1409\">Lifestyle &amp; Inspiration<\/h6>\n<p data-start=\"1410\" data-end=\"1624\">Style sie zu minimalistischen Outfits (wei\u00dfes T-Shirt, schwarzer Blazer, schlichtes Kleid) und lass die Ohrringe den Job machen. Oder geh voll auf Farbe: Sie sehen mega aus neben Navy, Violett, Denim, roten Details und allem in Monochrome. <\/p>\n<hr data-start=\"1626\" data-end=\"1629\">\n<h6 data-start=\"1631\" data-end=\"1652\">Pflege &amp; Materialien<\/h6>\n<ul data-start=\"1653\" data-end=\"1901\">\n<li data-start=\"1653\" data-end=\"1732\">\n<p data-start=\"1655\" data-end=\"1732\"><strong data-start=\"1655\" data-end=\"1669\">Materialien<\/strong>: Polymer-Ton (Fimo), Edelstahlstecker, Metall-Biegeringe<\/p>\n<\/li>\n<li data-start=\"1733\" data-end=\"1833\">\n<p data-start=\"1735\" data-end=\"1833\"><strong data-start=\"1735\" data-end=\"1744\">Pflege<\/strong>: Sanft mit einem weichen, trockenen Tuch abwischen. Wasser, Parfum, Haarspray und aggressive Reiniger vermeiden.<\/p>\n<\/li>\n<li data-start=\"1834\" data-end=\"1901\">\n<p data-start=\"1836\" data-end=\"1901\">Aufbewahrung: Am besten getrennt lagern, damit die Oberfl\u00e4che sch\u00f6n bleibt und keine Kratzer bekommt.<\/p>\n<\/li>\n<\/ul>\n<hr data-start=\"1903\" data-end=\"1906\">\n<h6 data-start=\"1908\" data-end=\"1925\">Gr\u00f6\u00dfe &amp; Passform<\/h6>\n<p data-start=\"1926\" data-end=\"2089\"><strong data-start=\"1936\" data-end=\"1970\">Auff\u00e4llige Statement-Ohrh\u00e4nger<\/strong> mit sp\u00fcrbarem Drop und gro\u00dfer Unter-Scheibe \u2013 visuell stark, aber so designt, dass sie leicht und bequem bleiben.<\/p>\n<hr data-start=\"2091\" data-end=\"2094\">\n<h6 data-start=\"2096\" data-end=\"2105\">FAQs<\/h6>\n<p data-start=\"2106\" data-end=\"2220\"><strong data-start=\"2106\" data-end=\"2136\">Q: Sind die Ohrringe schwer?<\/strong><br data-start=\"2136\" data-end=\"2139\">A: Nein \u2013 sie sind so designt, dass sie bold wirken, dabei aber federleicht bleiben und den ganzen Tag angenehm zu tragen sind.<\/p>\n<p data-start=\"2222\" data-end=\"2337\"><strong data-start=\"2222\" data-end=\"2263\">Q: Sind sie f\u00fcr empfindliche Ohren geeignet?<\/strong><br data-start=\"2263\" data-end=\"2266\">A: Ja, die Edelstahlstecker sind nickel\u00adfrei und hypoallergen.<\/p>\n<p data-start=\"2339\" data-end=\"2532\" data-is-last-node=\"\" data-is-only-node=\"\"><strong data-start=\"2339\" data-end=\"2388\">Q: Sehen alle Paare gleich aus?<\/strong><br data-start=\"2388\" data-end=\"2391\">A: Das Design bleibt gleich, aber das Marmor-Muster und die Punktplatzierung variieren leicht, weil jedes Paar handgemacht ist \u2013 das macht den Charme aus.<\/p>\n<\/div>\n<\/div>\n<\/div>\n<\/div>\n<div class=\"z-0 flex min-h-[46px] justify-start\"><\/div>\n<div class=\"mt-3 w-full empty:hidden\">\n<div class=\"text-center\"><\/div>\n<\/div>\n<\/div>\n<\/div>\n<\/article>\n<\/div>\n<div class=\"pointer-events-none h-px w-px absolute bottom-0\" aria-hidden=\"true\" data-edge=\"true\"><\/div>\n","protected":false},"excerpt":{"rendered":"<ul>\n<li>Handgefertigt aus leichtem <strong>Polymer-Ton<\/strong><\/li>\n<li>Leicht den ganzen Tag zu tragen<\/li>\n<li>Ohrstecker <strong>aus rostfreiem Stahl<\/strong> &#8211; wasserdicht, nickelfrei<\/li>\n<li>L\u00e4nge: ca. 9 cm<\/li>\n<li>Leichte Abweichungen in Farbe oder Muster &#8211; so funktioniert Handarbeit eben<\/li>\n<li><em>K\u00f6nnte Ihre Beere sein, wenn sie sich richtig anf\u00fchlt<\/em><\/li>\n<\/ul>\n","protected":false},"featured_media":9596,"comment_status":"closed","ping_status":"closed","template":"","meta":{"_seopress_robots_primary_cat":"none","_seopress_titles_title":"Polka Marble Statement-Ohrringe \u2013 handgemachter Fimo-Schmuck","_seopress_titles_desc":"Bold Polka-Marble Statement-Ohrringe aus Fimo-Polymer-Ton, handgemacht. Leichte H\u00e4ngeohrringe mit Edelstahlsteckern (nickelfrei) \u2013 jedes Muster einzigartig. ","_seopress_robots_index":"","_uag_custom_page_level_css":""},"product_brand":[],"product_cat":[37],"product_tag":[],"class_list":{"0":"post-5460","1":"product","2":"type-product","3":"status-publish","4":"has-post-thumbnail","6":"product_cat-nicht-kategorisiert","8":"first","9":"outofstock","10":"shipping-taxable","11":"purchasable","12":"product-type-simple"},"uagb_featured_image_src":{"full":["https:\/\/blueberrybloom.com\/wp-content\/uploads\/2025\/05\/marbled-polka-dot-statement-earrings-on-model.png",561,561,false],"thumbnail":["https:\/\/blueberrybloom.com\/wp-content\/uploads\/2025\/05\/marbled-polka-dot-statement-earrings-on-model-150x150.png",150,150,true],"medium":["https:\/\/blueberrybloom.com\/wp-content\/uploads\/2025\/05\/marbled-polka-dot-statement-earrings-on-model-300x300.png",300,300,true],"medium_large":["https:\/\/blueberrybloom.com\/wp-content\/uploads\/2025\/05\/marbled-polka-dot-statement-earrings-on-model.png",561,561,false],"large":["https:\/\/blueberrybloom.com\/wp-content\/uploads\/2025\/05\/marbled-polka-dot-statement-earrings-on-model.png",561,561,false],"1536x1536":["https:\/\/blueberrybloom.com\/wp-content\/uploads\/2025\/05\/marbled-polka-dot-statement-earrings-on-model.png",561,561,false],"2048x2048":["https:\/\/blueberrybloom.com\/wp-content\/uploads\/2025\/05\/marbled-polka-dot-statement-earrings-on-model.png",561,561,false],"woocommerce_thumbnail":["https:\/\/blueberrybloom.com\/wp-content\/uploads\/2025\/05\/marbled-polka-dot-statement-earrings-on-model-300x300.png",300,300,true],"woocommerce_single":["https:\/\/blueberrybloom.com\/wp-content\/uploads\/2025\/05\/marbled-polka-dot-statement-earrings-on-model.png",561,561,false],"woocommerce_gallery_thumbnail":["https:\/\/blueberrybloom.com\/wp-content\/uploads\/2025\/05\/marbled-polka-dot-statement-earrings-on-model-100x100.png",100,100,true]},"uagb_author_info":{"display_name":"Petra","author_link":"https:\/\/blueberrybloom.com\/de\/author\/"},"uagb_comment_info":0,"uagb_excerpt":"Handgefertigt aus leichtem Polymer-Ton Leicht den ganzen Tag zu tragen Ohrstecker aus rostfreiem Stahl - wasserdicht, nickelfrei L\u00e4nge: ca. 9 cm Leichte Abweichungen in Farbe oder Muster - so funktioniert Handarbeit eben K\u00f6nnte Ihre Beere sein, wenn sie sich richtig anf\u00fchlt","_links":{"self":[{"href":"https:\/\/blueberrybloom.com\/de\/wp-json\/wp\/v2\/product\/5460","targetHints":{"allow":["GET"]}}],"collection":[{"href":"https:\/\/blueberrybloom.com\/de\/wp-json\/wp\/v2\/product"}],"about":[{"href":"https:\/\/blueberrybloom.com\/de\/wp-json\/wp\/v2\/types\/product"}],"replies":[{"embeddable":true,"href":"https:\/\/blueberrybloom.com\/de\/wp-json\/wp\/v2\/comments?post=5460"}],"version-history":[{"count":1,"href":"https:\/\/blueberrybloom.com\/de\/wp-json\/wp\/v2\/product\/5460\/revisions"}],"predecessor-version":[{"id":11002,"href":"https:\/\/blueberrybloom.com\/de\/wp-json\/wp\/v2\/product\/5460\/revisions\/11002"}],"wp:featuredmedia":[{"embeddable":true,"href":"https:\/\/blueberrybloom.com\/de\/wp-json\/wp\/v2\/media\/9596"}],"wp:attachment":[{"href":"https:\/\/blueberrybloom.com\/de\/wp-json\/wp\/v2\/media?parent=5460"}],"wp:term":[{"taxonomy":"product_brand","embeddable":true,"href":"https:\/\/blueberrybloom.com\/de\/wp-json\/wp\/v2\/product_brand?post=5460"},{"taxonomy":"product_cat","embeddable":true,"href":"https:\/\/blueberrybloom.com\/de\/wp-json\/wp\/v2\/product_cat?post=5460"},{"taxonomy":"product_tag","embeddable":true,"href":"https:\/\/blueberrybloom.com\/de\/wp-json\/wp\/v2\/product_tag?post=5460"}],"curies":[{"name":"wp","href":"https:\/\/api.w.org\/{rel}","templated":true}]}}