{"id":5467,"date":"2025-05-05T17:35:05","date_gmt":"2025-05-05T17:35:05","guid":{"rendered":"https:\/\/blueberrybloom.com\/product\/waldbeere\/"},"modified":"2026-01-16T17:29:56","modified_gmt":"2026-01-16T15:29:56","slug":"wild-berry","status":"publish","type":"product","link":"https:\/\/blueberrybloom.com\/de\/produkt\/wild-berry\/","title":{"rendered":"Wild Berry &#8211; L\u00e4ngliche Ohrstecker"},"content":{"rendered":"<p data-start=\"669\" data-end=\"928\">Diese <strong data-start=\"675\" data-end=\"692\">Fimo-Ohrringe<\/strong> sind handgemacht, glossy und \u00fcberraschend easy zu tragen. Jedes Paar kombiniert einen klaren schwarz-wei\u00dfen Polka-Dot-Stecker mit einem marmorierten Tropfen-Drop in satten Violett- und Blaut\u00f6nen mit warmen roten Akzenten \u2013 wie ein kleines abstraktes Gem\u00e4lde. <\/p>\n<p data-start=\"930\" data-end=\"1175\">Weil die Marmorierung von Hand entsteht, sieht kein Paar exakt gleich aus. Du bekommst das gleiche Design und Farbschema \u2013 aber mit deinem eigenen, einzigartigen Wirbelmuster. Abgerundet mit Edelstahl-Steckern, nickelfrei, f\u00fcr angenehmen Tragekomfort (auch bei empfindlichen Ohren).  <\/p>\n<hr data-start=\"1177\" data-end=\"1180\">\n<h6 data-start=\"1182\" data-end=\"1195\">Eigenschaften<\/h6>\n<ul data-start=\"1196\" data-end=\"1574\">\n<li data-start=\"1196\" data-end=\"1272\">\n<p data-start=\"1198\" data-end=\"1272\"><strong data-start=\"1198\" data-end=\"1229\">Handgefertigt aus Polymer Clay (Fimo) <\/strong>\u2013 jedes Teil von Hand geformt und veredelt<\/p>\n<\/li>\n<li data-start=\"1273\" data-end=\"1342\">\n<p data-start=\"1275\" data-end=\"1342\"><strong data-start=\"1275\" data-end=\"1299\">Markantes Tropfen-Design<\/strong> \u2013 Polka-Dot-Stecker + marmorierter Tropfen-Drop<\/p>\n<\/li>\n<li data-start=\"1343\" data-end=\"1402\">\n<p data-start=\"1345\" data-end=\"1402\"><strong data-start=\"1345\" data-end=\"1370\">Edelstahlstecker<\/strong> \u2013 hypoallergen, nickelfrei<\/p>\n<\/li>\n<li data-start=\"1403\" data-end=\"1451\">\n<p data-start=\"1405\" data-end=\"1451\"><strong data-start=\"1405\" data-end=\"1420\">Leichtgewicht <\/strong>\u2013 gro\u00dfer Look, bequem zu tragen<\/p>\n<\/li>\n<li data-start=\"1452\" data-end=\"1517\">\n<p data-start=\"1454\" data-end=\"1517\"><strong data-start=\"1454\" data-end=\"1480\">Einzigartige Marmorierung<\/strong> \u2013 jedes Paar ist leicht anders<\/p>\n<\/li>\n<li data-start=\"1518\" data-end=\"1574\">\n<p data-start=\"1520\" data-end=\"1574\"><strong data-start=\"1520\" data-end=\"1544\">Geschenkfertige Verpackung<\/strong> \u2013 sch\u00f6n verpackt zum Verschenken<\/p>\n<\/li>\n<\/ul>\n<hr data-start=\"1576\" data-end=\"1579\">\n<h6 data-start=\"1581\" data-end=\"1604\">Warum du sie lieben wirst<\/h6>\n<p data-start=\"1605\" data-end=\"1785\">Das sind die <strong data-start=\"1625\" data-end=\"1642\">Fimo-Ohrringe<\/strong>, die du wirklich zu allem tragen kannst \u2013 und trotzdem sieht\u2019s so aus, als h\u00e4ttest du dein Outfit komplett geplant. Klare Punkte, tiefe Marmorierung, schmeichelnde Tropfenform. <\/p>\n<hr data-start=\"1787\" data-end=\"1790\">\n<h6 data-start=\"1792\" data-end=\"1813\">Lifestyle &amp; Inspiration<\/h6>\n<p data-start=\"1814\" data-end=\"1966\">Perfekt zu Strick, Denim, Blazer oder einem schlichten Kleid. Sie wirken besonders gut zu neutralen Looks und sehen mega aus mit Navy, Pflaume, Grau, Schwarz und roten Details. <\/p>\n<hr data-start=\"1968\" data-end=\"1971\">\n<h6 data-start=\"1973\" data-end=\"1994\">Pflege &amp; Materialien<\/h6>\n<ul data-start=\"1995\" data-end=\"2214\">\n<li data-start=\"1995\" data-end=\"2072\">\n<p data-start=\"1997\" data-end=\"2072\"><strong data-start=\"1997\" data-end=\"2011\">Materialien<\/strong>: Polymer Clay (Fimo), Edelstahlstecker, Metall-Biegeringe<\/p>\n<\/li>\n<li data-start=\"2073\" data-end=\"2173\">\n<p data-start=\"2075\" data-end=\"2173\"><strong data-start=\"2075\" data-end=\"2084\">Pflege<\/strong>: Sanft mit einem weichen, trockenen Tuch abwischen; Wasser, Parfum, Haarspray und aggressive Reiniger vermeiden.<\/p>\n<\/li>\n<li data-start=\"2174\" data-end=\"2214\">\n<p data-start=\"2176\" data-end=\"2214\">Separat aufbewahren, um Kratzer zu vermeiden.<\/p>\n<\/li>\n<\/ul>\n<hr data-start=\"2216\" data-end=\"2219\">\n<h6 data-start=\"2221\" data-end=\"2238\">Gr\u00f6\u00dfe &amp; Passform<\/h6>\n<p data-start=\"2239\" data-end=\"2333\">Ein mittellanger Tropfen-Drop mit sp\u00fcrbarer Pr\u00e4senz \u2013 dabei leicht und angenehm zu tragen.<\/p>\n<hr data-start=\"2335\" data-end=\"2338\">\n<h6 data-start=\"2340\" data-end=\"2349\">FAQs<\/h6>\n<p data-start=\"2350\" data-end=\"2433\"><strong data-start=\"2350\" data-end=\"2372\">Q: Sind sie schwer?<\/strong><br data-start=\"2372\" data-end=\"2375\">A: Nein \u2013 sie sind leicht und auch \u00fcber l\u00e4ngere Zeit sehr angenehm zu tragen.<\/p>\n<p data-start=\"2435\" data-end=\"2549\"><strong data-start=\"2435\" data-end=\"2475\">Q: Sind sie f\u00fcr empfindliche Ohren geeignet?<\/strong><br data-start=\"2475\" data-end=\"2478\">A: Ja, die Edelstahlstecker sind nickel\u00adfrei und hypoallergen.<\/p>\n<p data-start=\"2551\" data-end=\"2699\"><strong data-start=\"2551\" data-end=\"2600\">Q: Sehen alle Paare gleich aus?<\/strong><br data-start=\"2600\" data-end=\"2603\">A: Das Design bleibt gleich, aber die Marmorierung variiert leicht, weil jedes Paar handgemacht ist.<\/p>\n","protected":false},"excerpt":{"rendered":"<ul>\n<li>Handgefertigt aus leichtem <strong>Polymer-Ton<\/strong><\/li>\n<li>Leicht den ganzen Tag zu tragen<\/li>\n<li>Ohrstecker <strong>aus rostfreiem Stahl<\/strong> &#8211; wasserdicht, nickelfrei<\/li>\n<li>L\u00e4nge: ca. 7 cm <\/li>\n<li>Leichte Abweichungen in Farbe oder Muster &#8211; so funktioniert Handarbeit eben<\/li>\n<li><em>K\u00f6nnte Ihre Beere sein, wenn sie sich richtig anf\u00fchlt<\/em><\/li>\n<\/ul>\n","protected":false},"featured_media":9647,"comment_status":"closed","ping_status":"closed","template":"","meta":{"_seopress_robots_primary_cat":"none","_seopress_titles_title":"Polka Tropfen Ohrringe aus Fimo \u2013 Polymer Clay Schmuck","_seopress_titles_desc":"Handgemachte Fimo-Ohrringe aus Polymer-Ton mit Polka-Dot-Stecker und marmoriertem Tropfen-Drop in Violett-Blau. Leicht, mit Edelstahlsteckern. ","_seopress_robots_index":"","_uag_custom_page_level_css":""},"product_brand":[],"product_cat":[37],"product_tag":[],"class_list":{"0":"post-5467","1":"product","2":"type-product","3":"status-publish","4":"has-post-thumbnail","6":"product_cat-nicht-kategorisiert","8":"first","9":"instock","10":"shipping-taxable","11":"purchasable","12":"product-type-simple"},"uagb_featured_image_src":{"full":["https:\/\/blueberrybloom.com\/wp-content\/uploads\/2025\/05\/polka-teardrop-colorful-earrings-closeup.png",561,561,false],"thumbnail":["https:\/\/blueberrybloom.com\/wp-content\/uploads\/2025\/05\/polka-teardrop-colorful-earrings-closeup-150x150.png",150,150,true],"medium":["https:\/\/blueberrybloom.com\/wp-content\/uploads\/2025\/05\/polka-teardrop-colorful-earrings-closeup-300x300.png",300,300,true],"medium_large":["https:\/\/blueberrybloom.com\/wp-content\/uploads\/2025\/05\/polka-teardrop-colorful-earrings-closeup.png",561,561,false],"large":["https:\/\/blueberrybloom.com\/wp-content\/uploads\/2025\/05\/polka-teardrop-colorful-earrings-closeup.png",561,561,false],"1536x1536":["https:\/\/blueberrybloom.com\/wp-content\/uploads\/2025\/05\/polka-teardrop-colorful-earrings-closeup.png",561,561,false],"2048x2048":["https:\/\/blueberrybloom.com\/wp-content\/uploads\/2025\/05\/polka-teardrop-colorful-earrings-closeup.png",561,561,false],"woocommerce_thumbnail":["https:\/\/blueberrybloom.com\/wp-content\/uploads\/2025\/05\/polka-teardrop-colorful-earrings-closeup-300x300.png",300,300,true],"woocommerce_single":["https:\/\/blueberrybloom.com\/wp-content\/uploads\/2025\/05\/polka-teardrop-colorful-earrings-closeup.png",561,561,false],"woocommerce_gallery_thumbnail":["https:\/\/blueberrybloom.com\/wp-content\/uploads\/2025\/05\/polka-teardrop-colorful-earrings-closeup-100x100.png",100,100,true]},"uagb_author_info":{"display_name":"Petra","author_link":"https:\/\/blueberrybloom.com\/de\/author\/"},"uagb_comment_info":0,"uagb_excerpt":"Handgefertigt aus leichtem Polymer-Ton Leicht den ganzen Tag zu tragen Ohrstecker aus rostfreiem Stahl - wasserdicht, nickelfrei L\u00e4nge: ca. 7 cm Leichte Abweichungen in Farbe oder Muster - so funktioniert Handarbeit eben K\u00f6nnte Ihre Beere sein, wenn sie sich richtig anf\u00fchlt","_links":{"self":[{"href":"https:\/\/blueberrybloom.com\/de\/wp-json\/wp\/v2\/product\/5467","targetHints":{"allow":["GET"]}}],"collection":[{"href":"https:\/\/blueberrybloom.com\/de\/wp-json\/wp\/v2\/product"}],"about":[{"href":"https:\/\/blueberrybloom.com\/de\/wp-json\/wp\/v2\/types\/product"}],"replies":[{"embeddable":true,"href":"https:\/\/blueberrybloom.com\/de\/wp-json\/wp\/v2\/comments?post=5467"}],"version-history":[{"count":1,"href":"https:\/\/blueberrybloom.com\/de\/wp-json\/wp\/v2\/product\/5467\/revisions"}],"predecessor-version":[{"id":10991,"href":"https:\/\/blueberrybloom.com\/de\/wp-json\/wp\/v2\/product\/5467\/revisions\/10991"}],"wp:featuredmedia":[{"embeddable":true,"href":"https:\/\/blueberrybloom.com\/de\/wp-json\/wp\/v2\/media\/9647"}],"wp:attachment":[{"href":"https:\/\/blueberrybloom.com\/de\/wp-json\/wp\/v2\/media?parent=5467"}],"wp:term":[{"taxonomy":"product_brand","embeddable":true,"href":"https:\/\/blueberrybloom.com\/de\/wp-json\/wp\/v2\/product_brand?post=5467"},{"taxonomy":"product_cat","embeddable":true,"href":"https:\/\/blueberrybloom.com\/de\/wp-json\/wp\/v2\/product_cat?post=5467"},{"taxonomy":"product_tag","embeddable":true,"href":"https:\/\/blueberrybloom.com\/de\/wp-json\/wp\/v2\/product_tag?post=5467"}],"curies":[{"name":"wp","href":"https:\/\/api.w.org\/{rel}","templated":true}]}}